{"id":150,"date":"2015-07-18T23:13:48","date_gmt":"2013-02-22T21:31:41","guid":{"rendered":"http:\/\/lavigne-france.com\/?page_id=150"},"modified":"2025-10-26T18:14:37","modified_gmt":"2025-10-26T16:14:37","slug":"la-vigne-nice","status":"publish","type":"page","link":"https:\/\/lavigne-france.com\/?page_id=150&lang=fr","title":{"rendered":"La Vigne, Nice"},"content":{"rendered":"<p style=\"text-align: center;\"><span style=\"color: #993366;\"><strong><span style=\"font-size: 16px; font-family: comic sans ms,sans-serif;\">Bienvenue \u00e0 la Vigne Nice<\/span><\/strong><\/span><\/p>\n<p style=\"text-align: left;\"><span style=\"color: #0000ff;\"><span style=\"font-family: comic sans ms,sans-serif; font-size: 14px;\"><a href=\"http:\/\/lavigne-france.com\/wp-content\/uploads\/2013\/02\/Aube.jpg\"><img decoding=\"async\" class=\"size-full wp-image-152 alignnone\" style=\"margin: 5px auto; display: block; text-align: center;\" title=\"Aube\" src=\"http:\/\/lavigne-france.com\/wp-content\/uploads\/2013\/02\/Aube-e1361568518186.jpg\" alt=\"\" width=\"569\" srcset=\"https:\/\/lavigne-france.com\/wp-content\/uploads\/2013\/02\/Aube-e1361568518186.jpg 968w, https:\/\/lavigne-france.com\/wp-content\/uploads\/2013\/02\/Aube-e1361568518186-300x151.jpg 300w\" sizes=\"(max-width: 968px) 100vw, 968px\" \/><\/a>*Nous sommes une famille qui cherche<\/span><\/span><span style=\"color: #0000ff;\"><span style=\"font-family: comic sans ms,sans-serif; font-size: 14px;\"> \u00e0 vivre une relation personnelle avec Dieu et <\/span><\/span><span style=\"color: #0000ff;\"><span style=\"font-family: comic sans ms,sans-serif; font-size: 14px;\">\u00e0 recevoir son amour infini et parfait pour chacun d&#8217;entre nous. Nous voulons aussi partager cet amour de fa<\/span><\/span><span style=\"color: #0000ff;\"><span style=\"font-family: comic sans ms,sans-serif; font-size: 14px;\">\u00e7on pratique avec ceux qui nous entourent.<\/span><\/span><\/p>\n<p style=\"text-align: left;\"><span style=\"color: #0000ff;\"><span style=\"font-family: comic sans ms,sans-serif; font-size: 14px;\">*Dieu r\u00e9pond \u00e0 la pri\u00e8re aujourd&#8217;hui ! Nous prions pour les besoins spirituels, mat\u00e9riels et physiques, en particular pour la gu\u00e9rison. Dieu vous aime et il a pr\u00e9vu une vie de pl\u00e9nitude pour vous dans sa pr\u00e9sence.<br \/>\n<\/span><\/span><\/p>\n<p style=\"text-align: left;\"><span style=\"color: #0000ff;\"><span style=\"font-family: comic sans ms,sans-serif; font-size: 14px;\">*Nous nous rassemblons dans les maisons pour partager, prier et adorer le Seigneur.<br \/>\n<\/span><\/span><\/p>\n<p style=\"text-align: left;\"><span style=\"color: #0000ff;\"><span style=\"font-family: comic sans ms,sans-serif; font-size: 14px;\">*Nous collaborons avec l&#8217;Association MIR pour la distribution de repas aux plus d<\/span><\/span><span style=\"color: #0000ff;\"><span style=\"font-family: comic sans ms,sans-serif; font-size: 14px;\">\u00e9munis de Nice.\u00a0<\/span><\/span><\/p>\n<p style=\"text-align: left;\"><span style=\"color: #0000ff;\"><span style=\"font-family: comic sans ms,sans-serif; font-size: 14px;\">*En plus, le dimanche matin <\/span><\/span><span style=\"color: #0000ff;\"><span style=\"font-family: comic sans ms,sans-serif; font-size: 14px;\">\u00e0 10h, nous nous retrouvons sur la colline du <span style=\"color: #0000ff;\">Ch<\/span><\/span>\u00e2t<span style=\"font-family: comic sans ms,sans-serif; font-size: 14px;\">eau <\/span><span style=\"font-family: comic sans ms,sans-serif; font-size: 14px;\">\u00e0 Nice pour adorer et honorer le Seigneur. (Contactez-nous \u00e0 alsangage@free.fr si vous voulez nous rendre visite. Nous vous donnerons des informations plus d\u00e9taill\u00e9es pour nous retrouer).<\/span><\/span><\/p>\n<p style=\"text-align: left;\"><span style=\"color: #65168a;\"><span style=\"font-family: comic sans ms,sans-serif; font-size: 14px;\"><strong>*Nous sommes <span style=\"text-decoration: underline;\">une \u00e9glise sans portes ni murs<\/span> litt\u00e9ralement et aussi dans nos c\u0153urs. <\/strong><span style=\"color: #3366ff;\">Vous pouvez approcher aussi pr\u00e8s que vous voulez et garder votre distance si vous nous rendez visite le dimanche matin. Il n&#8217;y a pas de murs pour vous exclure ou de porte pour vous enfermer. Ceci correspond \u00e0 notre conception de l&#8217;\u00e9glise: un lieu d&#8217;accueil o\u00f9 chacun est libre d&#8217;\u00eatre lui-m\u00eame. De plus, la seule barri\u00e8re qui nous s\u00e9pare de Dieu est de notre c\u00f4t\u00e9. J\u00e9sus dit: &#8220;Venez \u00e0 moi vous tous qui \u00eates fatigu\u00e9s et charg\u00e9s et je vous donnerai du repos&#8221;.<\/span><\/span><span style=\"font-family: comic sans ms,sans-serif; font-size: 14px; color: #3366ff;\"><br \/>\n<\/span><\/span><\/p>\n<p style=\"text-align: left;\"><span style=\"color: #ff0000;\">Translation in English can be provided for our meetings.<\/span><\/p>\n<p style=\"text-align: left;\"><span style=\"color: #ff0000;\">Es posible la traducci\u00f3n al espa\u00f1ol durante nuestras reuniones<\/span><\/p>\n","protected":false},"excerpt":{"rendered":"<p>Bienvenue \u00e0 la Vigne Nice *Nous sommes une famille qui cherche \u00e0 vivre une relation personnelle avec Dieu et \u00e0 recevoir son amour infini et parfait pour chacun d&#8217;entre nous. Nous voulons aussi partager cet amour de fa\u00e7on pratique avec &hellip; <a href=\"https:\/\/lavigne-france.com\/?page_id=150&#038;lang=fr\">Continue reading <span class=\"meta-nav\">&rarr;<\/span><\/a><\/p>\n","protected":false},"author":2719,"featured_media":0,"parent":0,"menu_order":2,"comment_status":"closed","ping_status":"closed","template":"sidebar-page.php","meta":{"footnotes":""},"class_list":["post-150","page","type-page","status-publish","hentry"],"_links":{"self":[{"href":"https:\/\/lavigne-france.com\/index.php?rest_route=\/wp\/v2\/pages\/150","targetHints":{"allow":["GET"]}}],"collection":[{"href":"https:\/\/lavigne-france.com\/index.php?rest_route=\/wp\/v2\/pages"}],"about":[{"href":"https:\/\/lavigne-france.com\/index.php?rest_route=\/wp\/v2\/types\/page"}],"author":[{"embeddable":true,"href":"https:\/\/lavigne-france.com\/index.php?rest_route=\/wp\/v2\/users\/2719"}],"replies":[{"embeddable":true,"href":"https:\/\/lavigne-france.com\/index.php?rest_route=%2Fwp%2Fv2%2Fcomments&post=150"}],"version-history":[{"count":17,"href":"https:\/\/lavigne-france.com\/index.php?rest_route=\/wp\/v2\/pages\/150\/revisions"}],"predecessor-version":[{"id":958,"href":"https:\/\/lavigne-france.com\/index.php?rest_route=\/wp\/v2\/pages\/150\/revisions\/958"}],"wp:attachment":[{"href":"https:\/\/lavigne-france.com\/index.php?rest_route=%2Fwp%2Fv2%2Fmedia&parent=150"}],"curies":[{"name":"wp","href":"https:\/\/api.w.org\/{rel}","templated":true}]}}