{"id":243,"date":"2015-12-02T16:51:30","date_gmt":"2015-12-02T14:51:30","guid":{"rendered":"http:\/\/lavigne-france.com\/?page_id=243"},"modified":"2024-11-14T02:00:22","modified_gmt":"2024-11-14T00:00:22","slug":"videos","status":"publish","type":"page","link":"https:\/\/lavigne-france.com\/?page_id=243&lang=fr","title":{"rendered":"Vid\u00e9os"},"content":{"rendered":"<p style=\"text-align: center;\"><strong><span style=\"color: #1447ea;\">John Wimber parle de &#8220;L&#8217;essence de l&#8217;adoration<\/span><\/strong><iframe loading=\"lazy\" src=\"https:\/\/www.youtube.com\/embed\/ETZgofJLbqc\" allowfullscreen=\"allowfullscreen\" width=\"560\" height=\"315\" frameborder=\"0\"><\/iframe><\/p>\n\n\n<p><\/p>\n\n\n<p><span style=\"color: #793299;\"><strong>L&#8217;ap\u00f4tre Paul dit aux pasteurs et autres responsables d&#8217;\u00e9glise qu&#8217;ils ont pour mission d&#8217;\u00e9quiper les saints pour le minist\u00e8re (Eph\u00e9siens <a style=\"color: #793299;\" href=\"https:\/\/www.youtube.com\/watch?v=s-1JmuCI5PU&amp;t=252s\">4:12<\/a>), c&#8217;est-\u00e0-dire, tous les chr\u00e9tiens doivent apprendre \u00e0 faire les \u0153uvres pour lesquelles J\u00e9sus a former ses disciples.<\/strong><\/span><\/p>\n<p style=\"text-align: center;\"><iframe loading=\"lazy\" src=\"https:\/\/www.youtube.com\/embed\/s-1JmuCI5PU\" width=\"560\" height=\"315\" frameborder=\"0\" allowfullscreen=\"allowfullscreen\"><\/iframe><\/p>\n<p><strong><span style=\"color: #793299;\">Ce court vid\u00e9o \u00e9voque surtout l&#8217;importance d&#8217;apprendre \u00e0 se mettre \u00e0 l&#8217;\u00e9coute du Seigneur afin de prier avec hardiesse et efficacit\u00e9 pour les personnes de notre entourage. Cette formation a \u00e9t\u00e9 donn\u00e9e initialement \u00e0 Bruxelles dans le cadre du Mouvement MAVE.<\/span><\/strong><\/p>\n<p style=\"text-align: center;\">&#8211;<strong><span style=\"color: #793299;\">&#8212;&#8212;&#8212;&#8212;&#8212;&#8212;&#8212;&#8212;&#8212;&#8212;<\/span><\/strong><\/p>\n<p style=\"text-align: center;\"><span style=\"color: #800080;\"><strong>Etre naturellement surnaturel<\/strong><\/span><\/p>\n<p style=\"text-align: center;\"><iframe loading=\"lazy\" src=\"https:\/\/www.youtube.com\/embed\/sCB7CUtE5_s\" width=\"560\" height=\"315\" frameborder=\"0\" allowfullscreen=\"allowfullscreen\"><\/iframe><\/p>\n<p style=\"text-align: left;\"><strong><span style=\"color: #800080;\">Ce court vid\u00e9o, tir\u00e9 d&#8217;un enseignement donn\u00e9 \u00e0 Bruxelles, \u00e9voque le sacerdoce universel, le fait que tous les chr\u00e9tiens sont appel\u00e9s aux service du Seigneur, qui distribue ses dons pour les rendre capable de le faire.<\/span><\/strong><\/p>\n<p style=\"text-align: center;\">_______________________<\/p>\n<p style=\"text-align: left;\"><strong><span style=\"color: #962691;\">Voici un message biblique apport\u00e9 par Martin Buehlmann, qui avec sa femme Georgia, est le responsable des Eglises de la Vigne pour l&#8217;Allemagne, L&#8217;Autriche et la Suisse. Le th\u00e8me est un appel aux Chr\u00e9tiens d&#8217;\u00eatre des &#8220;jardins d&#8217;esp\u00e9rance&#8221; pour leur entourage: les membres de leurs familles, les voisins, etc. Ceci est vrai pour notre cellule familiale, mais aussi pour les diff\u00e9rents rassemblements, petits et grands, de nos communaut\u00e9s chr\u00e9tiens. Le monde autour de nous est en proie au d\u00e9sarroi, au d\u00e9sespoir et \u00e0 la confusion. J\u00e9sus-Christ est l&#8217;Espoir des Nations.<\/span><\/strong><\/p>\n<p style=\"text-align: center;\"><iframe loading=\"lazy\" src=\"https:\/\/www.youtube.com\/embed\/5bc1X3Q6UFs\" width=\"560\" height=\"315\" frameborder=\"0\" allowfullscreen=\"allowfullscreen\"><\/iframe><\/p>\n<p style=\"text-align: center;\">&#8212;&#8212;&#8212;&#8212;&#8212;&#8212;&#8212;&#8212;&#8212;&#8212;&#8212;&#8212;&#8212;&#8212;&#8212;&#8212;&#8211;<\/p>\n<p style=\"text-align: center;\"><!-- \/wp:post-content --><\/p>\n<p style=\"text-align: center;\"><!-- wp:paragraph {\"customTextColor\":\"#8700a3\"} --><\/p>\n<p><!-- \/wp:paragraph --><\/p>\n<p><!-- wp:paragraph --><\/p>\n<p><!-- \/wp:paragraph --><\/p>\n<p><!-- wp:group --><\/p>\n<div class=\"wp-block-group\">\n<div class=\"wp-block-group__inner-container\"><!-- wp:paragraph {\"customTextColor\":\"#8200a3\"} --><\/div>\n<\/div>\n<p class=\"has-text-color\" style=\"color: #8200a3;\"><a href=\"https:\/\/www.youtube.com\/watch?v=5bc1X3Q6UFs\" target=\"_blank\" rel=\"noopener noreferrer\"><strong><span class=\"has-inline-color\" data-rich-text-format-boundary=\"true\">Pour d&#8217;autres enseignements, abonnez-vous \u00e0 notre chaine Youtube in cliquant ici<\/span><\/strong><\/a><\/p>\n<p><!-- \/wp:paragraph --><\/p>\n<p><!-- wp:paragraph --><\/p>\n<p><!-- \/wp:paragraph --><\/p>\n<p><!-- \/wp:group --><\/p>","protected":false},"excerpt":{"rendered":"<p>John Wimber parle de &#8220;L&#8217;essence de l&#8217;adoration L&#8217;ap\u00f4tre Paul dit aux pasteurs et autres responsables d&#8217;\u00e9glise qu&#8217;ils ont pour mission d&#8217;\u00e9quiper les saints pour le minist\u00e8re (Eph\u00e9siens 4:12), c&#8217;est-\u00e0-dire, tous les chr\u00e9tiens doivent apprendre \u00e0 faire les \u0153uvres pour lesquelles &hellip; <a href=\"https:\/\/lavigne-france.com\/?page_id=243&#038;lang=fr\">Continue reading <span class=\"meta-nav\">&rarr;<\/span><\/a><\/p>\n","protected":false},"author":2719,"featured_media":0,"parent":28,"menu_order":0,"comment_status":"closed","ping_status":"closed","template":"","meta":{"footnotes":""},"class_list":["post-243","page","type-page","status-publish","hentry"],"_links":{"self":[{"href":"https:\/\/lavigne-france.com\/index.php?rest_route=\/wp\/v2\/pages\/243","targetHints":{"allow":["GET"]}}],"collection":[{"href":"https:\/\/lavigne-france.com\/index.php?rest_route=\/wp\/v2\/pages"}],"about":[{"href":"https:\/\/lavigne-france.com\/index.php?rest_route=\/wp\/v2\/types\/page"}],"author":[{"embeddable":true,"href":"https:\/\/lavigne-france.com\/index.php?rest_route=\/wp\/v2\/users\/2719"}],"replies":[{"embeddable":true,"href":"https:\/\/lavigne-france.com\/index.php?rest_route=%2Fwp%2Fv2%2Fcomments&post=243"}],"version-history":[{"count":14,"href":"https:\/\/lavigne-france.com\/index.php?rest_route=\/wp\/v2\/pages\/243\/revisions"}],"predecessor-version":[{"id":888,"href":"https:\/\/lavigne-france.com\/index.php?rest_route=\/wp\/v2\/pages\/243\/revisions\/888"}],"up":[{"embeddable":true,"href":"https:\/\/lavigne-france.com\/index.php?rest_route=\/wp\/v2\/pages\/28"}],"wp:attachment":[{"href":"https:\/\/lavigne-france.com\/index.php?rest_route=%2Fwp%2Fv2%2Fmedia&parent=243"}],"curies":[{"name":"wp","href":"https:\/\/api.w.org\/{rel}","templated":true}]}}