{"id":272,"date":"2015-12-02T16:42:31","date_gmt":"2015-06-26T05:25:17","guid":{"rendered":"http:\/\/lavigne-france.com\/?page_id=272"},"modified":"2026-03-24T03:44:25","modified_gmt":"2026-03-24T01:44:25","slug":"evenements","status":"publish","type":"page","link":"https:\/\/lavigne-france.com\/?page_id=272&lang=fr","title":{"rendered":"Ev\u00e9n\u00e9ments"},"content":{"rendered":"<p style=\"text-align: center;\"><strong><span style=\"color: #993366;\">C\u00e9l\u00e9bration du Dimanche de P\u00e2ques<\/span><\/strong><\/p>\n<p><\/p>\n<figure class=\"wp-block-image size-full\"><a href=\"https:\/\/lavigne-france.com\/wp-content\/uploads\/2026\/03\/Paques-2026.jpg\"><img loading=\"lazy\" decoding=\"async\" width=\"568\" height=\"743\" class=\"wp-image-963\" src=\"https:\/\/lavigne-france.com\/wp-content\/uploads\/2026\/03\/Paques-2026.jpg\" alt=\"\" srcset=\"https:\/\/lavigne-france.com\/wp-content\/uploads\/2026\/03\/Paques-2026.jpg 568w, https:\/\/lavigne-france.com\/wp-content\/uploads\/2026\/03\/Paques-2026-229x300.jpg 229w\" sizes=\"auto, (max-width: 568px) 100vw, 568px\" \/><\/a><\/figure>\n<p>\n\n<\/p>\n<p class=\"has-text-color has-link-color has-medium-font-size wp-elements-db1cc7374baebc6fe5cb48ebf20b60c6\"><span style=\"color: #993366;\">Nous vous invitons \u00e0 c\u00e9l\u00e9brer ensemble la r\u00e9surrection de notre Seigneur le dimanche 5 avril, \u00e0 7 h du matin, \u00e0 l\u2019Op\u00e9ra Plage \u00e0 Nice.<\/span><\/p>\n<p><span style=\"color: #993366;\">\n\n<\/span><\/p>\n<p class=\"has-text-color has-link-color has-medium-font-size wp-elements-2a03c2faaf918a2b82f82b6db37bd1d1\"><span style=\"color: #993366;\">Cette c\u00e9l\u00e9bration entre chr\u00e9tiens de diverses communaut\u00e9s a lieu \u00e0 Nice tous les dimanches de P\u00e2ques depuis plus de 20 ans\u00a0en toute simplicit\u00e9. \u00a0Nous suivons l\u2019exemple des femmes qui \u00e9taient les premi\u00e8res \u00e0 aller \u00e0 la rencontre du Seigneur ressuscit\u00e9. Elle commence \u00e0 7h et se termine vers 8h. \u00a0<\/span><\/p>\n<p><span style=\"color: #993366;\">\n\n<\/span><\/p>\n<p class=\"has-text-color has-link-color has-medium-font-size wp-elements-c933f7feae505ba7ac747585de2fea90\"><span style=\"color: #993366;\">Apr\u00e8s un temps de louange et pri\u00e8re, nous pouvons partager le petit d\u00e9jeuner. Nous invitions tous les convi\u00e9s qui le souhaitent \u00a0\u00e0 venir avec des boissons chaudes et des croissants, pains au chocolat ou g\u00e2teaux \u00e0 partager. Cette heure matinale permet ensuite \u00e0 chacun de pourvoir continuer \u00e0 louer le Seigneur dans sa propre \u00e9glise.<\/span><\/p>\n<p><\/p>\n<p style=\"text-align: center;\"><strong><span style=\"color: #993366;\">Venez nous rejoindre \u00e0 Nice, le 21 mai 2016 pour<\/span><\/strong><\/p>\n<p style=\"text-align: center;\"><strong><span style=\"color: #993366;\">Un Jour du Christ !<\/span><\/strong><\/p>\n<p style=\"text-align: center;\"><a href=\"http:\/\/lavigne-france.com\/wp-content\/uploads\/2015\/12\/Jour-du-Christ-Nice.jpg\"><img loading=\"lazy\" decoding=\"async\" class=\"aligncenter size-large wp-image-429\" src=\"http:\/\/lavigne-france.com\/wp-content\/uploads\/2015\/12\/Jour-du-Christ-Nice-723x1024.jpg\" alt=\"Jour du Christ Nice\" width=\"584\" height=\"827\" srcset=\"https:\/\/lavigne-france.com\/wp-content\/uploads\/2015\/12\/Jour-du-Christ-Nice-723x1024.jpg 723w, https:\/\/lavigne-france.com\/wp-content\/uploads\/2015\/12\/Jour-du-Christ-Nice-212x300.jpg 212w, https:\/\/lavigne-france.com\/wp-content\/uploads\/2015\/12\/Jour-du-Christ-Nice.jpg 1239w\" sizes=\"auto, (max-width: 584px) 100vw, 584px\" \/><\/a><\/p>\n<p style=\"text-align: left;\">\u00a0<\/p>\n\n\n<p><\/p>\n","protected":false},"excerpt":{"rendered":"<p>C\u00e9l\u00e9bration du Dimanche de P\u00e2ques Nous vous invitons \u00e0 c\u00e9l\u00e9brer ensemble la r\u00e9surrection de notre Seigneur le dimanche 5 avril, \u00e0 7 h du matin, \u00e0 l\u2019Op\u00e9ra Plage \u00e0 Nice. Cette c\u00e9l\u00e9bration entre chr\u00e9tiens de diverses communaut\u00e9s a lieu \u00e0 &hellip; <a href=\"https:\/\/lavigne-france.com\/?page_id=272&#038;lang=fr\">Continue reading <span class=\"meta-nav\">&rarr;<\/span><\/a><\/p>\n","protected":false},"author":2719,"featured_media":0,"parent":0,"menu_order":0,"comment_status":"closed","ping_status":"closed","template":"sidebar-page.php","meta":{"footnotes":""},"class_list":["post-272","page","type-page","status-publish","hentry"],"_links":{"self":[{"href":"https:\/\/lavigne-france.com\/index.php?rest_route=\/wp\/v2\/pages\/272","targetHints":{"allow":["GET"]}}],"collection":[{"href":"https:\/\/lavigne-france.com\/index.php?rest_route=\/wp\/v2\/pages"}],"about":[{"href":"https:\/\/lavigne-france.com\/index.php?rest_route=\/wp\/v2\/types\/page"}],"author":[{"embeddable":true,"href":"https:\/\/lavigne-france.com\/index.php?rest_route=\/wp\/v2\/users\/2719"}],"replies":[{"embeddable":true,"href":"https:\/\/lavigne-france.com\/index.php?rest_route=%2Fwp%2Fv2%2Fcomments&post=272"}],"version-history":[{"count":7,"href":"https:\/\/lavigne-france.com\/index.php?rest_route=\/wp\/v2\/pages\/272\/revisions"}],"predecessor-version":[{"id":975,"href":"https:\/\/lavigne-france.com\/index.php?rest_route=\/wp\/v2\/pages\/272\/revisions\/975"}],"wp:attachment":[{"href":"https:\/\/lavigne-france.com\/index.php?rest_route=%2Fwp%2Fv2%2Fmedia&parent=272"}],"curies":[{"name":"wp","href":"https:\/\/api.w.org\/{rel}","templated":true}]}}