{"id":28,"date":"2015-10-26T17:36:49","date_gmt":"2015-10-26T15:36:49","guid":{"rendered":"http:\/\/lavigne-france.com\/?page_id=28"},"modified":"2024-11-14T23:31:28","modified_gmt":"2024-11-14T21:31:28","slug":"ressources","status":"publish","type":"page","link":"https:\/\/lavigne-france.com\/?page_id=28&lang=fr","title":{"rendered":"Ressources"},"content":{"rendered":"<p style=\"text-align: center;\"><span style=\"color: #800022;\"><strong>Vous trouverez ici des ressources des Eglises de la Vigne en fran\u00e7ais:\u00a0 CDs de louange, livres, podcasts, ansi que des liens vers d&#8217;autres sites.<\/strong><\/span><\/p>\n<p style=\"text-align: center;\"><span style=\"color: #560f6e;\"><strong>Puisque Dieu a tant aim\u00e9 chaque \u00eatre humain, il a donn\u00e9 son Fils&#8230; (Jean 3:16)<\/strong><\/span><\/p>\n<p style=\"text-align: left;\"><span style=\"color: #0000ff;\"><strong><span style=\"color: #070763;\">Nous avons laiss\u00e9 l&#8217;amour de Dieu toucher nos vies. Cet amour qu&#8217;il d\u00e9verse dans nos c\u0153urs nous permet de l&#8217;aimer, d&#8217;aimer les uns les autres et d&#8217;aimer notre prochain. Son amour fait de nous une famille venue d&#8217;une pluralit\u00e9 de langues, de cultures, d&#8217;\u00e9thnies et de pays. Dieu aime la diversit\u00e9 et acueille tous ceux qui viennent \u00e0 lui, sans favoritisme. Nous voulons lui ressembler. Ces ressources peuvent nous aider \u00e0 le faire en tant qu&#8217;individus et en tant qu&#8217;\u00e9glises locales.<\/span><\/strong><br \/>\n<\/span><\/p>\n<p><a href=\"http:\/\/lavigne-france.com\/wp-content\/uploads\/2013\/03\/vague-apres-vague.jpg\"><img loading=\"lazy\" decoding=\"async\" title=\"CD600G_out\" src=\"http:\/\/lavigne-france.com\/wp-content\/uploads\/2013\/03\/vague-apres-vague-972x1024.jpg\" alt=\"CD de louange Vague apr\u00e8s Vague\" width=\"584\" height=\"615\" \/><\/a><span style=\"color: #070763;\"><strong>D\u00e8s le commencement des Eglises de la Vigne, l\u2019adoration intime \u00e9tait la valeur la plus importante.\u00a0 Mais souvent on se trompe quant \u00e0 la signification de l\u2019adoration intime \u2013 pensant qu\u2019il s\u2019agit des chants \u201cdoux\u2026\u201d\u00a0\u00a0 L\u2019intimit\u00e9 est l\u2019adoration vraie, l\u00e0 o\u00f9 nous adorons le Seigneur tel que nous sommes, l\u00e0 o\u00f9 nous pouvons faire tomber toutes les fa\u00e7ades et nous d\u00e9voiler, dans un c\u0153ur \u00e0 c\u0153ur avec Lui, avec des cris, des rires, des pleurs, ou des chuchotements, dans le lieu secret. Nous ne Lui pr\u00e9sentons pas notre visage public, mais notre visage priv\u00e9 et vrai.\u00a0 Et myst\u00e8re des myst\u00e8res, l\u00e0 dans l\u2019intimit\u00e9, Dieu, P\u00e8re, Fils et St Esprit, se r\u00e9v\u00e8le \u00e0 nous, et nous pouvons, l\u00e0, mieux le conna\u00eetre.\u00a0 Vague apr\u00e8s vague, Sa pr\u00e9sence se d\u00e9ferle sur nous, nous touche et nous transforme. Justin et Monique nous conduisent dans ce lieu d\u2019intimit\u00e9 avec le Dieu tout puissant.<\/strong><\/span><\/p>\n<p style=\"text-align: center;\"><span style=\"color: #1209f5;\"><strong>Ecouter des extraits: <\/strong><\/span><\/p>\n<p style=\"text-align: center;\"><strong><span style=\"color: #070763;\"><a style=\"color: #070763;\" href=\"http:\/\/lavigne-france.com\/wp-content\/uploads\/2013\/03\/08_Une_chose_demeure.mp3\">08_Une_chose_demeure<\/a><\/span><\/strong><\/p>\n<p style=\"text-align: center;\"><strong><span style=\"color: #070763;\"><a style=\"color: #070763;\" href=\"http:\/\/lavigne-france.com\/wp-content\/uploads\/2013\/03\/12_Humble_Roi.mp3\">12_Humble_Roi<\/a><\/span><\/strong><\/p>\n<p style=\"text-align: center;\"><strong><span style=\"color: #070763;\"><a style=\"color: #070763;\" href=\"http:\/\/lavigne-france.com\/wp-content\/uploads\/2013\/03\/13_Viens_chantons_notre_joie.mp3\">13_Viens_chantons_notre_joie<\/a><\/span><\/strong><\/p>\n<p style=\"text-align: center;\"><a href=\"http:\/\/lavigne-france.com\/wp-content\/uploads\/2013\/03\/10_Notre_desir.mp3\"><strong><span style=\"color: #070763;\">10_Notre_desir<\/span><\/strong><\/a><\/p>\n<p style=\"text-align: center;\"><a href=\"http:\/\/www.exultet.net\/eshop\/pages-product_music_info\/category-145_503\/product-7101\/louange-ltc-vague-apres-vague.html\" target=\"_blank\" rel=\"noopener\"><strong><span style=\"text-decoration: underline; color: #4c3bad;\">Cliquez ici pour commander<\/span><\/strong><\/a><\/p>\n<hr \/>\n<h6 style=\"text-align: center;\"><span style=\"text-decoration: underline; color: #ff0000;\"><strong>Autres CD&#8217;s de louange<\/strong><\/span><\/h6>\n<p style=\"text-align: center;\"><span style=\"color: #070763;\"><strong>CD de louange &#8220;Viens&#8221;<\/strong><\/span><\/p>\n<p style=\"text-align: center;\"><a href=\"https:\/\/lavigne-france.com\/wp-content\/uploads\/2012\/05\/Viens1.jpg\"><img loading=\"lazy\" decoding=\"async\" class=\"alignnone size-full wp-image-33\" src=\"https:\/\/lavigne-france.com\/wp-content\/uploads\/2012\/05\/Viens1.jpg\" alt=\"CD de louange &quot;Viens&quot;\" width=\"119\" height=\"108\" \/><\/a><\/p>\n<p style=\"text-align: center;\"><strong>Ecoutez sur Spotify<\/strong><span style=\"color: #ba6ac4;\"><strong><span style=\"color: #000000;\"> en<\/span><span style=\"text-decoration: underline;\"><span style=\"color: #6464d9; text-decoration: underline;\"> <a style=\"color: #6464d9; text-decoration: underline;\" href=\"https:\/\/open.spotify.com\/album\/1HsAQDs6HGxefxGAz1Qdge\" target=\"_blank\" rel=\"noopener\">cliquant ici<\/a> !<\/span><\/span><\/strong><\/span><\/p>\n<hr \/>\n<p style=\"text-align: center;\"><span style=\"color: #070763;\"><strong>CD de louange &#8220;C\u0153ur \u00e0 C\u0153ur avec le P\u00e8re: Dieu Fid\u00e8le&#8221;<\/strong><\/span><\/p>\n<p style=\"text-align: center;\"><strong><a href=\"http:\/\/lavigne-france.com\/wp-content\/uploads\/2012\/05\/Dieu-fidele.jpg\"><img loading=\"lazy\" decoding=\"async\" class=\"wp-image-35 aligncenter\" title=\"Dieu fidele\" src=\"http:\/\/lavigne-france.com\/wp-content\/uploads\/2012\/05\/Dieu-fidele.jpg\" alt=\"CD de louange &quot;Dieu Fid\u00e8le&quot;\" width=\"124\" height=\"114\" \/><\/a>Ecoutez sur Amazon<\/strong> <strong>en <span style=\"color: #6464d9;\"><a style=\"color: #6464d9;\" title=\"CD &quot;Dieu Fid\u00e8le&quot;\" href=\"https:\/\/www.amazon.com\/dp\/B09R4181GH\/ref=sr_1_1?crid=UIN5SESG3KDE&amp;dib=eyJ2IjoiMSJ9.vkSd0RfTDPN7czJ-ya1phQ.2qMCed7sZVJzcUbTPhl-dtpfCBKUoiE1MQmiChirxQM&amp;dib_tag=se&amp;keywords=Dieu+Fid\u00e8le+Vineyard&amp;marketplaceId=ATVPDKIKX0DER&amp;musicTerritory=US&amp;qid=1731274309&amp;s=music&amp;sprefix=dieu+fid\u00e8le+vineyard%2Cpopular%2C504&amp;sr=1-1&amp;trackAsin=B09R4181GH\" target=\"_blank\" rel=\"noopener noreferrer\">cliquant ici<\/a> !<\/span><\/strong><\/p>\n<hr \/>\n<p style=\"text-align: center;\"><span style=\"color: #ff0000;\"><strong>Vous pouvez vous abonner \u00e0 nos Podcasts en <a style=\"color: #ff0000;\" title=\"Podcasts de la Communaut\u00e9 Chr\u00e9tienne de la Vigne, Nice\" href=\"http:\/\/itunes.apple.com\/us\/podcast\/lavigne-nice\/id317719385\" target=\"_blank\" rel=\"noopener noreferrer\">cliquant ici<\/a> !<\/strong><\/span><\/p>\n<p style=\"text-align: center;\"><a href=\"http:\/\/lavigne-france.com\/wp-content\/uploads\/2012\/05\/podcast.jpg\"><img loading=\"lazy\" decoding=\"async\" class=\"size-full wp-image-36 aligncenter\" title=\"podcast\" src=\"http:\/\/lavigne-france.com\/wp-content\/uploads\/2012\/05\/podcast.jpg\" alt=\"Podcasts de &quot;La Vigne, Nice&quot;\" width=\"124\" height=\"109\" \/><\/a><strong>Ils vous aideront \u00e0 mieux conna\u00eetre Dieu, P\u00e8re-Fils-et Saint Esprit. Vous verrez comment avoir une relation personnelle avec le Dieu qui a cr\u00e9\u00e9 tout l&#8217;univers et comment cette relation peut changer votre vie de tous les jours.<\/strong><\/p>\n<hr \/>\n<p style=\"text-align: center;\"><span style=\"color: #ff0000;\"><strong>Livres<\/strong><\/span><\/p>\n<h1 style=\"text-align: center;\"><span style=\"color: #993366;\">Allez Evang\u00e9liser par John Wimber<\/span><\/h1>\n<p><a href=\"http:\/\/lavigne-france.com\/wp-content\/uploads\/2015\/08\/allez-evangelisez-e1445862794437.jpg\"><img loading=\"lazy\" decoding=\"async\" class=\"size-full wp-image-395 alignleft\" src=\"http:\/\/lavigne-france.com\/wp-content\/uploads\/2015\/08\/allez-evangelisez-e1445862794437.jpg\" alt=\"allez-evangelisez\" width=\"102\" height=\"157\" \/><\/a><strong>L\u2019\u00e9vang\u00e9lisation par la puissance de Dieu peut se manifester par des signes et prodiges. Dieu a donn\u00e9 \u00e0 son \u00e9glise des dons pour cela, parmi lesquels nous trouvons celle de la gu\u00e9rison et des paroles de connaissance. John Wimber rel\u00e8ve\u00a0 le d\u00e9fi de cette vision dans ce livre. La vie et le minist\u00e8re\u00a0 de J. Wimber ont \u00e9t\u00e9 marqu\u00e9s par la r\u00e9alit\u00e9 de cette puissance<\/strong><br \/>\n<strong>Ce pasteur californien l&#8217;a dit clairement : &#8220;la puissance de Dieu n\u2019attend que d\u2019\u00eatre lib\u00e9r\u00e9 par le Saint-Esprit.&#8221; J. Wimber encourage chaque chr\u00e9tien \u00e0 s\u2019ouvrir \u00e0 l\u2019action surnaturelle de Dieu. Seule une telle disponibilit\u00e9 est la cl\u00e9 pour que signes et prodiges deviennent visibles, aussi bien dans notre vie personnelle que dans l&#8217;\u00e9glise.<\/strong><br \/>\n<strong>Cet enseignement de J. Wimber s\u2019appuie sur le Bible, Parole de Dieu ainsi que sur l\u2019exp\u00e9rience des P\u00e8res de l\u2019\u00c9glise<\/strong>.<span style=\"color: #070763;\"><strong> <a style=\"color: #070763;\" href=\"https:\/\/chezcarpus.com\/products\/allez-evangelisez-par-la-puissance-de-jesus?variant=32669237084242\" target=\"_blank\" rel=\"noopener\"><span style=\"text-decoration: underline;\">Pour commander ce livre, cliquer ici.<\/span><\/a><\/strong><\/span><\/p>\n<h1 style=\"text-align: center;\"><span style=\"color: #993366;\">Allez Gu\u00e9rissez par John Wimber<\/span><\/h1>\n<p><a href=\"http:\/\/lavigne-france.com\/wp-content\/uploads\/2015\/08\/allez-guerissez.jpg\"><img loading=\"lazy\" decoding=\"async\" class=\"size-full wp-image-396 alignleft\" src=\"http:\/\/lavigne-france.com\/wp-content\/uploads\/2015\/08\/allez-guerissez.jpg\" alt=\"allez-guerissez\" width=\"101\" height=\"156\" \/><\/a><strong>Entre autres, John Wimber<\/strong><br \/>\n<strong>&#8211; pr\u00e9sente des arguments bibliques persuasifs pour une pratique du minist\u00e8re de gu\u00e9rison et en particulier celui de la gu\u00e9rison physique.<\/strong><br \/>\n<strong>&#8211; r\u00e9pond \u00e0 des questions difficiles comme \u00ab Pourquoi tout le monde n\u2019est-il pas gu\u00e9ri ? \u00bb<\/strong><br \/>\n<strong>&#8211; fait des propositions sur la formation des chr\u00e9tiens \u00e0 une pri\u00e8re efficace pour la gu\u00e9rison<\/strong><br \/>\n<strong>Allez&#8230; Gu\u00e9rissez est \u00e9tay\u00e9 par le t\u00e9moignage de l\u2019exp\u00e9rience personnelle de John Wimber depuis son appel au minist\u00e8re de gu\u00e9rison, jusqu\u2019au minist\u00e8re international qu&#8217;il a eu, en passant par les ann\u00e9es arides o\u00f9 il ne vit aucune gu\u00e9rison. John Wimber croiait fermement que la gu\u00e9rison est fondamentale au minist\u00e8re et \u00e0 la vie de l\u2019\u00c9glise. Dans ce livre d\u2019une grande franchise, il r\u00e9v\u00e8le comment il a \u00e9t\u00e9 amen\u00e9 \u00e0 comprendre pourquoi J\u00e9sus gu\u00e9rit et comment il gu\u00e9rit par notre interm\u00e9diaire. Confront\u00e9 au probl\u00e8me de la souffrance, il nous livre une nouvelle formulation de la fa\u00e7on de percevoir le c\u0153ur de Dieu et son d\u00e9sir pour l\u2019\u00c9glise d\u2019aujourd\u2019hui.<\/strong> <span style=\"color: #4c3bad;\"><strong><span style=\"text-decoration: underline;\"><a style=\"color: #4c3bad; text-decoration: underline;\" href=\"https:\/\/www.clcfrance.com\/allez---guerissez_ref_ME-A010.html\" target=\"_blank\" rel=\"noopener noreferrer\">Pour commander ce livre, cliquer ici.<\/a><\/span><\/strong><\/span><\/p>\n<h1 style=\"text-align: center;\"><span style=\"color: #993366;\">Vivre l&#8217;Eglise, Aimer l&#8217;Eglise par Martin B\u00fchlmann<\/span><\/h1>\n<p style=\"text-align: left;\"><a href=\"http:\/\/lavigne-france.com\/wp-content\/uploads\/2015\/08\/vivre-eglise-e1445873200710.jpg\"><img loading=\"lazy\" decoding=\"async\" class=\"size-full wp-image-398 alignleft\" src=\"http:\/\/lavigne-france.com\/wp-content\/uploads\/2015\/08\/vivre-eglise-e1445873200710.jpg\" alt=\"vivre-eglise\" width=\"200\" height=\"200\" \/><\/a><strong>\u00ab Ce livre sera fondateur pour toutes les personnes souhaitant communiquer avec ardeur l\u2019amour de Dieu \u00bb Bill Johnson<\/strong><\/p>\n<p><strong>L\u2019\u00c9glise actuelle peine \u00e0 diffuser son message, malgr\u00e9 toute sa valeur. C\u2019est parti de ce constat que Martin B\u00fchlmann a cherch\u00e9 dans son exp\u00e9rience de fondateur de communaut\u00e9s eccl\u00e9siales des r\u00e9ponses \u00e0 cette probl\u00e9matique. \u00c0 la fois guide pr\u00e9cieux pour les responsables d\u2019\u00e9glises et manuel concret pour affermir les chr\u00e9tiens dans la communion fraternelle, cet ouvrage cherche \u00e0 replacer le Christ au centre de toute construction d\u2019\u00e9glise, et ainsi \u00e0 donner les cl\u00e9s n\u00e9cessaires pour faire de chaque \u00e9glise locale une image vivante du Christ.<\/strong><\/p>\n<p><strong>Mission, mis\u00e9ricorde et repentance, service communautaire, service aupr\u00e8s des plus pauvres, etc., chaque sujet est minutieusement trait\u00e9 et enrichi par de nombreuses anecdotes de l\u2019auteur. Des r\u00e9flexions sont propos\u00e9es \u00e0 la fin de chaque chapitre, bases concr\u00e8tes pour une transformation en profondeur de nos \u00e9glises. Un livre incarn\u00e9 pour accueillir pleinement l\u2019Amour du P\u00e8re, le porter \u00e0 chacun et devenir des adorateurs en Esprit et en v\u00e9rit\u00e9.<\/strong> <span style=\"color: #4c3bad;\"><strong><span style=\"text-decoration: underline;\"><a style=\"color: #4c3bad; text-decoration: underline;\" href=\"https:\/\/premierepartie.com\/martin-buhlmann-vivre-l-eglise-aimer-l-eglise.html\" target=\"_blank\" rel=\"noopener noreferrer\">Pour commander ce livre, cliquer ici<\/a><\/span><\/strong><\/span><\/p>\n<h1 style=\"text-align: center;\"><span style=\"color: #993366;\">Soyons l&#8217;Eglise par Alexander Venter<\/span><\/h1>\n<p><a href=\"http:\/\/lavigne-france.com\/wp-content\/uploads\/2012\/05\/Soyons-Eglise.jpg\"><img loading=\"lazy\" decoding=\"async\" class=\"alignleft size-full wp-image-37\" title=\"Soyons Eglise\" src=\"http:\/\/lavigne-france.com\/wp-content\/uploads\/2012\/05\/Soyons-Eglise.jpg\" alt=\"Le livre &quot;Soyons l'Eglise&quot;, traduction fran\u00e7aise de &quot;Doing Church&quot; par Alexander Venter.\" width=\"100\" height=\"156\" \/><\/a> <strong><span style=\"font-size: 14px;\">\u00ab Soyons l&#8217;Eglise \u00bb, par Alexander Venter, un collaborateur proche de John Wimber, est une eccl\u00e9siologie pratique. \u00catre Chr\u00e9tien est justement une fa\u00e7on d&#8217;\u00eatre, une fa\u00e7on de vivre. L&#8217;\u00e9glise est un lieu o\u00f9 les Chr\u00e9tiens sont en relation les uns avec les autres et avec leur Seigneur. L&#8217;amour de Dieu coule a travers ces relations pour \u00e9tendre le R\u00e8gne de Dieu dans le monde.<\/span> Vous pouvez le commander en \u00e9crivant \u00e0<\/strong>:<span style=\"color: #070763;\"><strong> <a style=\"color: #070763;\" href=\"mailto:alsangage@free.fr\"><span style=\"text-decoration: underline;\">alsangage@free.fr<\/span><\/a><\/strong><\/span><\/p>\n<p style=\"text-align: center;\"><span style=\"color: #ff0000;\"><strong>L&#8217;institut Biblique de la Vigne<\/strong><\/span><\/p>\n<p><a href=\"http:\/\/lavigne-france.com\/wp-content\/uploads\/2012\/05\/VBI-logo.jpg\"><img loading=\"lazy\" decoding=\"async\" class=\"alignleft size-full wp-image-38\" title=\"VBI logo\" src=\"http:\/\/lavigne-france.com\/wp-content\/uploads\/2012\/05\/VBI-logo.jpg\" alt=\"L'Institut Biblique de la Vigne\" width=\"97\" height=\"89\" \/><\/a> <strong>propose des cours de connaissances bibliques et de th\u00e9ologie pour aider les Chr\u00e9tiens \u00e0 devenir de v\u00e9ritables disciples de J\u00e9sus-Christ ainsi que pour aider des responsables d&#8217;Eglise \u00e0 se former. Certains cours sont disponibles en fran\u00e7ais. Renseignez-vous ici:<\/strong> <a href=\"mailto:alsangage@free.fr\"><span style=\"color: #070763;\"><strong>alsangage@free.fr<\/strong><\/span><\/a><\/p>\n","protected":false},"excerpt":{"rendered":"<p>Vous trouverez ici des ressources des Eglises de la Vigne en fran\u00e7ais:\u00a0 CDs de louange, livres, podcasts, ansi que des liens vers d&#8217;autres sites. Puisque Dieu a tant aim\u00e9 chaque \u00eatre humain, il a donn\u00e9 son Fils&#8230; (Jean 3:16) Nous &hellip; <a href=\"https:\/\/lavigne-france.com\/?page_id=28&#038;lang=fr\">Continue reading <span class=\"meta-nav\">&rarr;<\/span><\/a><\/p>\n","protected":false},"author":2719,"featured_media":0,"parent":0,"menu_order":5,"comment_status":"closed","ping_status":"closed","template":"","meta":{"footnotes":""},"class_list":["post-28","page","type-page","status-publish","hentry"],"_links":{"self":[{"href":"https:\/\/lavigne-france.com\/index.php?rest_route=\/wp\/v2\/pages\/28","targetHints":{"allow":["GET"]}}],"collection":[{"href":"https:\/\/lavigne-france.com\/index.php?rest_route=\/wp\/v2\/pages"}],"about":[{"href":"https:\/\/lavigne-france.com\/index.php?rest_route=\/wp\/v2\/types\/page"}],"author":[{"embeddable":true,"href":"https:\/\/lavigne-france.com\/index.php?rest_route=\/wp\/v2\/users\/2719"}],"replies":[{"embeddable":true,"href":"https:\/\/lavigne-france.com\/index.php?rest_route=%2Fwp%2Fv2%2Fcomments&post=28"}],"version-history":[{"count":35,"href":"https:\/\/lavigne-france.com\/index.php?rest_route=\/wp\/v2\/pages\/28\/revisions"}],"predecessor-version":[{"id":897,"href":"https:\/\/lavigne-france.com\/index.php?rest_route=\/wp\/v2\/pages\/28\/revisions\/897"}],"wp:attachment":[{"href":"https:\/\/lavigne-france.com\/index.php?rest_route=%2Fwp%2Fv2%2Fmedia&parent=28"}],"curies":[{"name":"wp","href":"https:\/\/api.w.org\/{rel}","templated":true}]}}