{"id":376,"date":"2015-08-29T22:53:44","date_gmt":"2012-05-01T09:32:48","guid":{"rendered":"http:\/\/lavigne-france.com\/?page_id=376"},"modified":"2024-11-14T01:56:54","modified_gmt":"2024-11-13T23:56:54","slug":"presentation","status":"publish","type":"page","link":"https:\/\/lavigne-france.com\/?page_id=376&lang=en","title":{"rendered":"Presentation"},"content":{"rendered":"<p style=\"text-align: left;\"><span style=\"color: #800080;\"><a href=\"http:\/\/lavigne-france.com\/wp-content\/uploads\/2012\/05\/celebration.jpg\"><img loading=\"lazy\" decoding=\"async\" class=\"alignleft size-full wp-image-62\" title=\"C\u00e9l\u00e9bration sur la colline du ch\u00e2teau \u00e0 Nice\" src=\"http:\/\/lavigne-france.com\/wp-content\/uploads\/2012\/05\/celebration.jpg\" alt=\"\" width=\"300\" height=\"225\" \/><\/a><span style=\"color: #2f29a3;\">A church is a family. We are a family of people who have been touched by the love of God and who seek to worship Him in simplicity and authenticity. We are also devoted to sharing His love in practical ways with those around us.<\/span><br \/>\n<\/span><\/p>\n<p style=\"text-align: center;\"><span style=\"color: #2f29a3;\">We belong to the worldwide family of Vineyard Churches.<\/span><\/p>\n<p style=\"text-align: left;\"><span style=\"color: #993366;\"><span style=\"color: #2f29a3;\">We believe that the Bible was given to us first and foremost to reveal God to us. It attests that <strong>&#8220;God is Love&#8221;<\/strong>. We study the Bible together in order to better know God, receive his infinite love for each one of us and to share that love with those around us in practical ways.<\/span><br \/>\n<\/span><\/p>\n<p style=\"text-align: center;\"><span style=\"color: #993366;\"><strong><span style=\"color: #993366;\">We have adopted<\/span> <\/strong><\/span><\/p>\n<p style=\"text-align: center;\"><span style=\"color: #ff0000;\"><strong>The Statement of Faith of the World Evangelical Alliance:<\/strong><\/span><\/p>\n<h2><span style=\"color: #3366ff;\">We believe<\/span><\/h2>\n<p><span style=\"color: #993300;\">..<span style=\"color: #850099;\">.in the <strong>Holy Scriptures<\/strong> as originally given by God, divinely inspired, infallible, entirely trustworthy; and the supreme authority in all matters of faith and conduct&#8230;<\/span><\/span><\/p>\n<p><span style=\"color: #850099;\">One <strong>God<\/strong> , eternally existent in three persons, Father, Son, and Holy Spirit&#8230;<\/span><\/p>\n<p><span style=\"color: #850099;\">Our <strong>Lord Jesus Christ<\/strong> , God manifest in the flesh, His virgin birth, His sinless human life, His divine miracles, His vicarious and atoning death, His bodily resurrection, His ascension, His mediatorial work, and His Personal return in power and glory&#8230;<\/span><\/p>\n<p><span style=\"color: #850099;\">The <strong>Salvation<\/strong> of lost and sinful man through the shed blood of the Lord Jesus Christ by faith apart from works, and regeneration by the Holy Spirit&#8230;<\/span><\/p>\n<p><span style=\"color: #850099;\">The <strong>Holy Spirit<\/strong> , by whose indwelling the believer is enabled to live a holy life, to witness and work for the Lord Jesus Christ&#8230;<\/span><\/p>\n<p><span style=\"color: #850099;\">The <strong>Unity<\/strong> of the Spirit of all true believers, the Church, the Body of Christ&#8230;<\/span><\/p>\n<p><span style=\"color: #850099;\">The <strong>Resurrection<\/strong> of both the saved and the lost; they that are saved unto the resurrection of life, they that are lost unto the resurrection of damnation.<\/span><\/p>\n<p style=\"text-align: center;\" align=\"JUSTIFY\"><a title=\"Notre Confession de Foi\" href=\"http:\/\/lavigne-france.com\/?page_id=345\"><span style=\"color: #c33bab;\"><strong>Click here for the detailed Statement of Faith of Vineyard Churches<\/strong><\/span><\/a><\/p>\n","protected":false},"excerpt":{"rendered":"<p>A church is a family. We are a family of people who have been touched by the love of God and who seek to worship Him in simplicity and authenticity. We are also devoted to sharing His love in practical &hellip; <a href=\"https:\/\/lavigne-france.com\/?page_id=376&#038;lang=en\">Continue reading <span class=\"meta-nav\">&rarr;<\/span><\/a><\/p>\n","protected":false},"author":2719,"featured_media":0,"parent":297,"menu_order":1,"comment_status":"closed","ping_status":"closed","template":"","meta":{"footnotes":""},"class_list":["post-376","page","type-page","status-publish","hentry"],"_links":{"self":[{"href":"https:\/\/lavigne-france.com\/index.php?rest_route=\/wp\/v2\/pages\/376","targetHints":{"allow":["GET"]}}],"collection":[{"href":"https:\/\/lavigne-france.com\/index.php?rest_route=\/wp\/v2\/pages"}],"about":[{"href":"https:\/\/lavigne-france.com\/index.php?rest_route=\/wp\/v2\/types\/page"}],"author":[{"embeddable":true,"href":"https:\/\/lavigne-france.com\/index.php?rest_route=\/wp\/v2\/users\/2719"}],"replies":[{"embeddable":true,"href":"https:\/\/lavigne-france.com\/index.php?rest_route=%2Fwp%2Fv2%2Fcomments&post=376"}],"version-history":[{"count":6,"href":"https:\/\/lavigne-france.com\/index.php?rest_route=\/wp\/v2\/pages\/376\/revisions"}],"predecessor-version":[{"id":885,"href":"https:\/\/lavigne-france.com\/index.php?rest_route=\/wp\/v2\/pages\/376\/revisions\/885"}],"up":[{"embeddable":true,"href":"https:\/\/lavigne-france.com\/index.php?rest_route=\/wp\/v2\/pages\/297"}],"wp:attachment":[{"href":"https:\/\/lavigne-france.com\/index.php?rest_route=%2Fwp%2Fv2%2Fmedia&parent=376"}],"curies":[{"name":"wp","href":"https:\/\/api.w.org\/{rel}","templated":true}]}}