{"id":455,"date":"2016-01-23T17:46:39","date_gmt":"2016-01-23T15:46:39","guid":{"rendered":"http:\/\/lavigne-france.com\/?page_id=455"},"modified":"2025-01-02T14:32:59","modified_gmt":"2025-01-02T12:32:59","slug":"eglise-basileia-damersfoort","status":"publish","type":"page","link":"https:\/\/lavigne-france.com\/?page_id=455&lang=fr","title":{"rendered":"La Vigne, Amersfoort"},"content":{"rendered":"<h2 style=\"text-align: center;\"><span style=\"color: #96170e;\"><strong>La Vigne, Amersfoort<\/strong><\/span><\/h2>\n<p><strong>Pasteur: <span style=\"color: #1337a1;\">Francois Paku<\/span><\/strong><\/p>\n<p><strong>Tel<\/strong> <span style=\"color: #0000ff;\">.<span style=\"color: #1337a1;\"><strong>+31 &#8211; 685725922<\/strong><\/span><\/span><\/p>\n<p><strong>Pays &#8211; Bas<\/strong><\/p>\n<p><strong>Email:<\/strong> f<a href=\"mailto:ranckpaku@yahoo.fr\" target=\"_blank\" rel=\"noopener\"><span style=\"color: #0d1f82;\"><strong>ranckpaku@yahoo.fr<\/strong><\/span><\/a><\/p>\n<p style=\"text-align: center;\"><strong>Programme du culte<\/strong><br \/>\n<span style=\"color: #0d1f82;\"><strong>Dimanche de 14h \u00e0 16h<\/strong><\/span><br \/>\n<span style=\"color: #0d1f82;\"><strong>Mercredi : \u00e9tude Biblique \u00e0\u00a0 18h30.<\/strong><\/span><br \/>\n<span style=\"color: #0d1f82;\"><strong>Samedi : intercetion \u00e0 18h<\/strong><\/span><\/p>\n<p>&nbsp;<\/p>\n","protected":false},"excerpt":{"rendered":"<p>La Vigne, Amersfoort Pasteur: Francois Paku Tel .+31 &#8211; 685725922 Pays &#8211; Bas Email: franckpaku@yahoo.fr Programme du culte Dimanche de 14h \u00e0 16h Mercredi : \u00e9tude Biblique \u00e0\u00a0 18h30. Samedi : intercetion \u00e0 18h &nbsp;<\/p>\n","protected":false},"author":2719,"featured_media":0,"parent":129,"menu_order":0,"comment_status":"closed","ping_status":"closed","template":"","meta":{"footnotes":""},"class_list":["post-455","page","type-page","status-publish","hentry"],"_links":{"self":[{"href":"https:\/\/lavigne-france.com\/index.php?rest_route=\/wp\/v2\/pages\/455","targetHints":{"allow":["GET"]}}],"collection":[{"href":"https:\/\/lavigne-france.com\/index.php?rest_route=\/wp\/v2\/pages"}],"about":[{"href":"https:\/\/lavigne-france.com\/index.php?rest_route=\/wp\/v2\/types\/page"}],"author":[{"embeddable":true,"href":"https:\/\/lavigne-france.com\/index.php?rest_route=\/wp\/v2\/users\/2719"}],"replies":[{"embeddable":true,"href":"https:\/\/lavigne-france.com\/index.php?rest_route=%2Fwp%2Fv2%2Fcomments&post=455"}],"version-history":[{"count":4,"href":"https:\/\/lavigne-france.com\/index.php?rest_route=\/wp\/v2\/pages\/455\/revisions"}],"predecessor-version":[{"id":912,"href":"https:\/\/lavigne-france.com\/index.php?rest_route=\/wp\/v2\/pages\/455\/revisions\/912"}],"up":[{"embeddable":true,"href":"https:\/\/lavigne-france.com\/index.php?rest_route=\/wp\/v2\/pages\/129"}],"wp:attachment":[{"href":"https:\/\/lavigne-france.com\/index.php?rest_route=%2Fwp%2Fv2%2Fmedia&parent=455"}],"curies":[{"name":"wp","href":"https:\/\/api.w.org\/{rel}","templated":true}]}}