{"id":666,"date":"2019-07-09T22:59:50","date_gmt":"2019-07-09T20:59:50","guid":{"rendered":"http:\/\/lavigne-france.com\/?page_id=666"},"modified":"2024-11-13T22:55:47","modified_gmt":"2024-11-13T20:55:47","slug":"etudes-bibliques","status":"publish","type":"page","link":"https:\/\/lavigne-france.com\/?page_id=666&lang=fr","title":{"rendered":"Etudes Bibliques"},"content":{"rendered":"\n<p class=\"has-text-align-left has-text-color\" style=\"color:#8c00a3\">Voici des resources pour des \u00e9tudes bibliques \u00e0 faire avec ou sans formateur, soi-m\u00eame ou en groupe.<\/p>\n\n\n\n<p class=\"has-text-color\" style=\"color:#a30093\"><strong>Pr\u00e9parations au Bapt\u00eame<\/strong><\/p>\n\n\n\n<figure class=\"wp-block-image\"><a href=\"http:\/\/vineyard.france.free.fr\/PPP\/bapteme.pdf\" target=\"_blank\" rel=\"noreferrer noopener\"><img loading=\"lazy\" decoding=\"async\" width=\"437\" height=\"593\" src=\"https:\/\/lavigne-france.com\/wp-content\/uploads\/2019\/07\/Mon-livre-du-bapte\u0302me.jpg\" alt=\"Mon livre du bapt\u00eame\" class=\"wp-image-668\" srcset=\"https:\/\/lavigne-france.com\/wp-content\/uploads\/2019\/07\/Mon-livre-du-bapte\u0302me.jpg 437w, https:\/\/lavigne-france.com\/wp-content\/uploads\/2019\/07\/Mon-livre-du-bapte\u0302me-221x300.jpg 221w\" sizes=\"auto, (max-width: 437px) 100vw, 437px\" \/><\/a><figcaption class=\"wp-element-caption\"><strong>Cliquez sur l&#8217;image pour t\u00e9l\u00e9charger le livre<\/strong><\/figcaption><\/figure>\n\n\n\n<p><\/p>\n","protected":false},"excerpt":{"rendered":"<p>Voici des resources pour des \u00e9tudes bibliques \u00e0 faire avec ou sans formateur, soi-m\u00eame ou en groupe. Pr\u00e9parations au Bapt\u00eame<\/p>\n","protected":false},"author":2716,"featured_media":668,"parent":0,"menu_order":0,"comment_status":"closed","ping_status":"closed","template":"","meta":{"footnotes":""},"class_list":["post-666","page","type-page","status-publish","has-post-thumbnail","hentry"],"_links":{"self":[{"href":"https:\/\/lavigne-france.com\/index.php?rest_route=\/wp\/v2\/pages\/666","targetHints":{"allow":["GET"]}}],"collection":[{"href":"https:\/\/lavigne-france.com\/index.php?rest_route=\/wp\/v2\/pages"}],"about":[{"href":"https:\/\/lavigne-france.com\/index.php?rest_route=\/wp\/v2\/types\/page"}],"author":[{"embeddable":true,"href":"https:\/\/lavigne-france.com\/index.php?rest_route=\/wp\/v2\/users\/2716"}],"replies":[{"embeddable":true,"href":"https:\/\/lavigne-france.com\/index.php?rest_route=%2Fwp%2Fv2%2Fcomments&post=666"}],"version-history":[{"count":6,"href":"https:\/\/lavigne-france.com\/index.php?rest_route=\/wp\/v2\/pages\/666\/revisions"}],"predecessor-version":[{"id":869,"href":"https:\/\/lavigne-france.com\/index.php?rest_route=\/wp\/v2\/pages\/666\/revisions\/869"}],"wp:featuredmedia":[{"embeddable":true,"href":"https:\/\/lavigne-france.com\/index.php?rest_route=\/wp\/v2\/media\/668"}],"wp:attachment":[{"href":"https:\/\/lavigne-france.com\/index.php?rest_route=%2Fwp%2Fv2%2Fmedia&parent=666"}],"curies":[{"name":"wp","href":"https:\/\/api.w.org\/{rel}","templated":true}]}}