{"id":82,"date":"2015-12-02T17:08:34","date_gmt":"2013-01-01T21:06:10","guid":{"rendered":"http:\/\/lavigne-france.com\/?page_id=82"},"modified":"2019-07-10T12:04:26","modified_gmt":"2019-07-10T10:04:26","slug":"parcours-alpha","status":"publish","type":"page","link":"https:\/\/lavigne-france.com\/?page_id=82&lang=fr","title":{"rendered":"Parcours Alpha"},"content":{"rendered":"<p style=\"text-align: center;\"><span style=\"color: #800080; font-family: comic sans ms,sans-serif; font-size: 20px;\">Venez d\u00e9couvrir le sens de la vie avec nous.<br \/>\n<\/span><\/p>\n<p style=\"text-align: center;\"><span style=\"color: #ff0000;\"><strong><span style=\"font-family: comic sans ms,sans-serif; font-size: 18px;\">Qu&#8217;est-ce qu&#8217;un Parcour Alpha?<\/span><\/strong><\/span><\/p>\n<p style=\"text-align: justify;\"><span style=\"color: #800080; font-size: 16px;\">Les parcours Alpha sont des repas pour \u00e9changer sur Dieu et sur les questions du sens de la vie. En une s\u00e9rie de repas, le parcours Alpha est une opportunit\u00e9 de d\u00e9couvrir ou red\u00e9couvrir les bases de la foi chr\u00e9tienne dans une \u00e9glise de son quartier dans une ambiance conviviale et informelle.<\/span><\/p>\n<p style=\"text-align: center;\"><span style=\"color: #ff0000;\"><strong>Nous proposons r\u00e9guli\u00e8rement des parcours sur Nice et sa r\u00e9gion. Pour plus de renseignements, contactez nous<span style=\"color: #0000ff;\"> <a title=\"Contactez-nouz\" href=\"http:\/\/lavigne-france.com\/?page_id=25\"><span style=\"color: #0000ff;\">ici<\/span><\/a><\/span><\/strong><\/span><\/p>\n<p style=\"text-align: center;\">\n<p><iframe loading=\"lazy\" src=\"https:\/\/www.dailymotion.com\/embed\/video\/xac37m\" width=\"480\" height=\"270\" frameborder=\"0\" allowfullscreen=\"allowfullscreen\"><\/iframe><\/p>\n","protected":false},"excerpt":{"rendered":"<p>Venez d\u00e9couvrir le sens de la vie avec nous. Qu&#8217;est-ce qu&#8217;un Parcour Alpha? Les parcours Alpha sont des repas pour \u00e9changer sur Dieu et sur les questions du sens de la vie. En une s\u00e9rie de repas, le parcours Alpha &hellip; <a href=\"https:\/\/lavigne-france.com\/?page_id=82&#038;lang=fr\">Continue reading <span class=\"meta-nav\">&rarr;<\/span><\/a><\/p>\n","protected":false},"author":2719,"featured_media":0,"parent":0,"menu_order":4,"comment_status":"closed","ping_status":"closed","template":"","meta":{"footnotes":""},"class_list":["post-82","page","type-page","status-publish","hentry"],"_links":{"self":[{"href":"https:\/\/lavigne-france.com\/index.php?rest_route=\/wp\/v2\/pages\/82","targetHints":{"allow":["GET"]}}],"collection":[{"href":"https:\/\/lavigne-france.com\/index.php?rest_route=\/wp\/v2\/pages"}],"about":[{"href":"https:\/\/lavigne-france.com\/index.php?rest_route=\/wp\/v2\/types\/page"}],"author":[{"embeddable":true,"href":"https:\/\/lavigne-france.com\/index.php?rest_route=\/wp\/v2\/users\/2719"}],"replies":[{"embeddable":true,"href":"https:\/\/lavigne-france.com\/index.php?rest_route=%2Fwp%2Fv2%2Fcomments&post=82"}],"version-history":[{"count":30,"href":"https:\/\/lavigne-france.com\/index.php?rest_route=\/wp\/v2\/pages\/82\/revisions"}],"predecessor-version":[{"id":682,"href":"https:\/\/lavigne-france.com\/index.php?rest_route=\/wp\/v2\/pages\/82\/revisions\/682"}],"wp:attachment":[{"href":"https:\/\/lavigne-france.com\/index.php?rest_route=%2Fwp%2Fv2%2Fmedia&parent=82"}],"curies":[{"name":"wp","href":"https:\/\/api.w.org\/{rel}","templated":true}]}}